{"id":179,"date":"2020-12-11T06:44:06","date_gmt":"2020-12-11T06:44:06","guid":{"rendered":"http:\/\/pachamamatrade.com\/?page_id=179"},"modified":"2021-06-01T20:34:08","modified_gmt":"2021-06-01T20:34:08","slug":"hogar","status":"publish","type":"page","link":"http:\/\/pachamamatrade.com\/es\/","title":{"rendered":"Inicio"},"content":{"rendered":"\n<h1>Buscamos alrededor del mundo para llevarte los mejores productos<strong> Org\u00e1nicos, Ecol\u00f3gicos<\/strong> y mediante un Comercio Justo.<\/h1>\n\n\n\n<p>Natural y org\u00e1nico para el consumidor consciente.<\/p>\n","protected":false},"excerpt":{"rendered":"<p>Buscamos alrededor del mundo para llevarte los mejores productos Org\u00e1nicos, Ecol\u00f3gicos y mediante un Comercio Justo. Natural y org\u00e1nico para el consumidor consciente.<\/p>\n","protected":false},"author":1,"featured_media":0,"parent":0,"menu_order":0,"comment_status":"closed","ping_status":"closed","template":"","meta":[],"_links":{"self":[{"href":"http:\/\/pachamamatrade.com\/es\/wp-json\/wp\/v2\/pages\/179"}],"collection":[{"href":"http:\/\/pachamamatrade.com\/es\/wp-json\/wp\/v2\/pages"}],"about":[{"href":"http:\/\/pachamamatrade.com\/es\/wp-json\/wp\/v2\/types\/page"}],"author":[{"embeddable":true,"href":"http:\/\/pachamamatrade.com\/es\/wp-json\/wp\/v2\/users\/1"}],"replies":[{"embeddable":true,"href":"http:\/\/pachamamatrade.com\/es\/wp-json\/wp\/v2\/comments?post=179"}],"version-history":[{"count":3,"href":"http:\/\/pachamamatrade.com\/es\/wp-json\/wp\/v2\/pages\/179\/revisions"}],"predecessor-version":[{"id":295,"href":"http:\/\/pachamamatrade.com\/es\/wp-json\/wp\/v2\/pages\/179\/revisions\/295"}],"wp:attachment":[{"href":"http:\/\/pachamamatrade.com\/es\/wp-json\/wp\/v2\/media?parent=179"}],"curies":[{"name":"wp","href":"https:\/\/api.w.org\/{rel}","templated":true}]}}