{"id":183,"date":"2020-12-11T06:48:41","date_gmt":"2020-12-11T06:48:41","guid":{"rendered":"http:\/\/pachamamatrade.com\/?page_id=183"},"modified":"2021-06-01T21:16:57","modified_gmt":"2021-06-01T21:16:57","slug":"preguntas-frecuentes","status":"publish","type":"page","link":"http:\/\/pachamamatrade.com\/es\/preguntas-frecuentes\/","title":{"rendered":"Preguntas frecuentes"},"content":{"rendered":"\n<h3>Todos nuestros productos son org\u00e1nicos?<\/h3>\n\n\n\n<p>Si, Pachamama trabaja \u00fanicamente con productos org\u00e1nicos.<\/p>\n\n\n\n<h3>Qui\u00e9nes son nuestros clientes?<\/h3>\n\n\n\n<p>Todos aquellos consumidores conscientes que buscan consumir org\u00e1nico, biodin\u00e1mico y trazable al 100%. <\/p>\n\n\n\n<h3>De qu\u00e9 origen son nuestros productos?<\/h3>\n\n\n\n<p>Pachamama es un conjunto de productores org\u00e1nicos de toda Am\u00e9rica Latina.<\/p>\n\n\n\n<h3>Puedo comprar en una sola \u00f3rden 2 o m\u00e1s productos de diferente origen?<\/h3>\n\n\n\n<p>Si, Pachamama realiza cotizaciones y consolidaciones a medida. Se utilizan diferentes HUBs log\u00edsticos para reembarcar la mercader\u00eda en una sola \u00f3rden.<\/p>\n\n\n\n<h3><strong>Qu\u00e9 INCOTERM puedo solicitar al momento de hacer mi compra?<\/strong><\/h3>\n\n\n\n<p>Habitualmente nuestras ventas son realizadas bajo los Incoterms FOB o CIF, pero con el objetivo de brindar siempre un valor agregado a la cadena log\u00edstica, atendemos en cada caso las necesidades particulares que requieran nuestros clientes.<\/p>\n\n\n\n<h3><strong>Cuentan con certificaciones?<\/strong><\/h3>\n\n\n\n<p>Si, los productos que vendemos son 100% certificados. <\/p>\n","protected":false},"excerpt":{"rendered":"<p>Todos nuestros productos son org\u00e1nicos? Si, Pachamama trabaja \u00fanicamente con productos org\u00e1nicos. Qui\u00e9nes son nuestros clientes? Todos aquellos consumidores conscientes que buscan consumir org\u00e1nico, biodin\u00e1mico y trazable al 100%. De qu\u00e9 origen son nuestros productos? Pachamama es un conjunto de productores org\u00e1nicos de toda Am\u00e9rica Latina. Puedo comprar en una sola \u00f3rden 2 o m\u00e1s productos de diferente origen? Si, Pachamama realiza cotizaciones y consolidaciones a medida. Se utilizan diferentes HUBs log\u00edsticos para reembarcar la mercader\u00eda en una sola \u00f3rden. Qu\u00e9 INCOTERM puedo solicitar al momento de hacer mi compra? Habitualmente nuestras ventas son realizadas bajo los Incoterms FOB o&#8230;<\/p>\n","protected":false},"author":1,"featured_media":0,"parent":0,"menu_order":0,"comment_status":"closed","ping_status":"closed","template":"","meta":[],"_links":{"self":[{"href":"http:\/\/pachamamatrade.com\/es\/wp-json\/wp\/v2\/pages\/183"}],"collection":[{"href":"http:\/\/pachamamatrade.com\/es\/wp-json\/wp\/v2\/pages"}],"about":[{"href":"http:\/\/pachamamatrade.com\/es\/wp-json\/wp\/v2\/types\/page"}],"author":[{"embeddable":true,"href":"http:\/\/pachamamatrade.com\/es\/wp-json\/wp\/v2\/users\/1"}],"replies":[{"embeddable":true,"href":"http:\/\/pachamamatrade.com\/es\/wp-json\/wp\/v2\/comments?post=183"}],"version-history":[{"count":11,"href":"http:\/\/pachamamatrade.com\/es\/wp-json\/wp\/v2\/pages\/183\/revisions"}],"predecessor-version":[{"id":307,"href":"http:\/\/pachamamatrade.com\/es\/wp-json\/wp\/v2\/pages\/183\/revisions\/307"}],"wp:attachment":[{"href":"http:\/\/pachamamatrade.com\/es\/wp-json\/wp\/v2\/media?parent=183"}],"curies":[{"name":"wp","href":"https:\/\/api.w.org\/{rel}","templated":true}]}}