{"id":181,"date":"2020-12-11T06:45:20","date_gmt":"2020-12-11T06:45:20","guid":{"rendered":"http:\/\/pachamamatrade.com\/?page_id=181"},"modified":"2020-12-11T07:35:51","modified_gmt":"2020-12-11T07:35:51","slug":"contacto","status":"publish","type":"page","link":"https:\/\/pachamamatrade.com\/es\/contacto\/","title":{"rendered":"Contacto"},"content":{"rendered":"\n<h1>\u00bfQuieres saber m\u00e1s sobre nuestros productos org\u00e1nicos?<\/h1>\n\n\n\n<p>Deje su nombre, datos de contacto y consulta a continuaci\u00f3n y nos pondremos en contacto con usted lo antes posible.<\/p>\n","protected":false},"excerpt":{"rendered":"<p>\u00bfQuieres saber m\u00e1s sobre nuestros productos org\u00e1nicos? Deje su nombre, datos de contacto y consulta a continuaci\u00f3n y nos pondremos en contacto con usted lo antes posible.<\/p>\n","protected":false},"author":1,"featured_media":114,"parent":0,"menu_order":0,"comment_status":"closed","ping_status":"closed","template":"templates\/contact.php","meta":[],"_links":{"self":[{"href":"https:\/\/pachamamatrade.com\/es\/wp-json\/wp\/v2\/pages\/181"}],"collection":[{"href":"https:\/\/pachamamatrade.com\/es\/wp-json\/wp\/v2\/pages"}],"about":[{"href":"https:\/\/pachamamatrade.com\/es\/wp-json\/wp\/v2\/types\/page"}],"author":[{"embeddable":true,"href":"https:\/\/pachamamatrade.com\/es\/wp-json\/wp\/v2\/users\/1"}],"replies":[{"embeddable":true,"href":"https:\/\/pachamamatrade.com\/es\/wp-json\/wp\/v2\/comments?post=181"}],"version-history":[{"count":3,"href":"https:\/\/pachamamatrade.com\/es\/wp-json\/wp\/v2\/pages\/181\/revisions"}],"predecessor-version":[{"id":195,"href":"https:\/\/pachamamatrade.com\/es\/wp-json\/wp\/v2\/pages\/181\/revisions\/195"}],"wp:featuredmedia":[{"embeddable":true,"href":"https:\/\/pachamamatrade.com\/es\/wp-json\/wp\/v2\/media\/114"}],"wp:attachment":[{"href":"https:\/\/pachamamatrade.com\/es\/wp-json\/wp\/v2\/media?parent=181"}],"curies":[{"name":"wp","href":"https:\/\/api.w.org\/{rel}","templated":true}]}}